{"id":117,"date":"2015-05-05T08:36:48","date_gmt":"2015-05-05T08:36:48","guid":{"rendered":"http:\/\/ipikulmakuppila.fi\/wordpress\/ipin-tarina-2\/"},"modified":"2022-12-08T07:26:21","modified_gmt":"2022-12-08T07:26:21","slug":"the-story-of-ipi","status":"publish","type":"page","link":"https:\/\/ipikulmakuppila.fi\/en\/the-story-of-ipi\/","title":{"rendered":"The Story of Ipi"},"content":{"rendered":"<p>The caf\u00e9 was named after Pekka H\u00e4m\u00e4l\u00e4inen\u00a0(1938\u20132013), a senior lawyer based in Helsinki.\u00a0He was Helsinki-born, a true example of urban folk. H\u00e4m\u00e4l\u00e4inen is primarily remembered for his work as a labour market lawyer, and also as a football enthusiast. H\u00e4m\u00e4l\u00e4inen had an impressive career, his last position was Director General of The Finnish Food and Drink Industries\u2019 Federation. In football, he was a Finnish champion (HIFK, 1961). He held international positions of trust in the Football Association of Finland and became the chairman of the association.<\/p>\n<p>After his death, an idea of setting up a \u201cmonument\u201d for him in Helsinki started spreading among people who knew him. H\u00e4m\u00e4l\u00e4inen\u2019s first grandchild was born in 1986, with Down syndrome. H\u00e4m\u00e4l\u00e4inen had a positive, constructive attitude to life and people, and the disability of his grandchild did not change this. He was a loving grandfather to all his grandchildren and took genuine interest in them. Pekka H\u00e4m\u00e4l\u00e4inen\u2019s children and grandchildren knew him by one name, and that name was Ipi.<\/p>\n<p>Thus, the caf\u00e9 was named after the nickname of Pekka \u201cIpi\u201d H\u00e4m\u00e4l\u00e4inen, a lover of good food and a famous figure in Helsinki. You can almost hear Ipi greet his guests at the door.<\/p>\n<p><span data-contrast=\"none\">Ipi is a &#8220;on-the-job&#8221; learning environment, where individuals with special needs get to practise the skills required in caf\u00e9 work. Ipi permanently employs 5 workers, one requiring special support. The educational background of the staff includes pedagogical education and experience in supervision of work, in addition to regular expertize in restaurant\/catering business. In addition to this, students from special education schools carry out practical training periods that last for approximately 6 weeks. Their training is guided by graduating students that are carrying out their own practical training period, for example as a bachelor of social services, community educator or occupational therapist.\u00a0<\/span><span data-ccp-props=\"{&quot;201341983&quot;:0,&quot;335559739&quot;:160,&quot;335559740&quot;:259}\">\u00a0<\/span><\/p>\n<p><span data-contrast=\"none\">As support for guidance and teaching we use induction material using plain language, which we have created using BookCreator application: In there, the tasks and recipes are described with the help of images, plain language and\/or with video clips.<\/span><span data-ccp-props=\"{&quot;201341983&quot;:0,&quot;335559739&quot;:160,&quot;335559740&quot;:259}\">\u00a0<\/span><\/p>\n<p>Ipi would be proud of us!<\/p>\n","protected":false},"excerpt":{"rendered":"<p>The caf\u00e9 was named after Pekka H\u00e4m\u00e4l\u00e4inen\u00a0(1938\u20132013), a senior lawyer based in Helsinki.\u00a0He was Helsinki-born, a true example of urban folk. H\u00e4m\u00e4l\u00e4inen is primarily remembered for his work as a..<\/p>\n","protected":false},"author":1,"featured_media":0,"parent":0,"menu_order":0,"comment_status":"open","ping_status":"open","template":"","meta":{"_acf_changed":false,"footnotes":""},"class_list":["post-117","page","type-page","status-publish","hentry"],"acf":[],"aioseo_notices":[],"_links":{"self":[{"href":"https:\/\/ipikulmakuppila.fi\/en\/wp-json\/wp\/v2\/pages\/117","targetHints":{"allow":["GET"]}}],"collection":[{"href":"https:\/\/ipikulmakuppila.fi\/en\/wp-json\/wp\/v2\/pages"}],"about":[{"href":"https:\/\/ipikulmakuppila.fi\/en\/wp-json\/wp\/v2\/types\/page"}],"author":[{"embeddable":true,"href":"https:\/\/ipikulmakuppila.fi\/en\/wp-json\/wp\/v2\/users\/1"}],"replies":[{"embeddable":true,"href":"https:\/\/ipikulmakuppila.fi\/en\/wp-json\/wp\/v2\/comments?post=117"}],"version-history":[{"count":7,"href":"https:\/\/ipikulmakuppila.fi\/en\/wp-json\/wp\/v2\/pages\/117\/revisions"}],"predecessor-version":[{"id":1515,"href":"https:\/\/ipikulmakuppila.fi\/en\/wp-json\/wp\/v2\/pages\/117\/revisions\/1515"}],"wp:attachment":[{"href":"https:\/\/ipikulmakuppila.fi\/en\/wp-json\/wp\/v2\/media?parent=117"}],"curies":[{"name":"wp","href":"https:\/\/api.w.org\/{rel}","templated":true}]}}